{"id":1395,"date":"2025-12-24T15:08:59","date_gmt":"2025-12-24T19:08:59","guid":{"rendered":"http:\/\/www.villatiparadis.com\/?page_id=1395"},"modified":"2026-01-29T10:40:14","modified_gmt":"2026-01-29T14:40:14","slug":"la-villa-tiparadis","status":"publish","type":"page","link":"https:\/\/www.villatiparadis.com\/index.php\/la-villa-tiparadis\/","title":{"rendered":"Villa Ti&rsquo;Paradis"},"content":{"rendered":"\n<h2 class=\"wp-block-heading\">Bienvenue \u00e0 Las Terrenas<\/h2>\n\n\n\n<h3 class=\"wp-block-heading\">Villa en location avec piscine priv\u00e9e.<\/h3>\n\n\n\n<p>Bienvenue \u00e0 Villa Ti Paradis, votre destination de r\u00eave aux Cara\u00efbes. Nich\u00e9e au c\u0153ur de Las Terrenas en R\u00e9publique Dominicaine, cette magnifique propri\u00e9t\u00e9 incarne l&rsquo;essence m\u00eame du paradis tropical. Offrez-vous des vacances inoubliables dans un environnement f\u00e9erique o\u00f9 chaque moment devient m\u00e9morable.<\/p>\n\n\n\n<p><strong>Pourquoi choisir Villa Ti Paradis \u00e0 Las Terrenas<\/strong><\/p>\n\n\n\n<p>Vous arrivez et, d\u00e8s que le portail s\u00e9curis\u00e9 se referme derri\u00e8re vous, le voyage commence vraiment.<br>Devant vous, une villa de 150 m\u00b2 baign\u00e9e de lumi\u00e8re, entour\u00e9e d\u2019un grand jardin tropical o\u00f9 les couleurs \u00e9clatent et o\u00f9 l\u2019air sent les fruits m\u00fbrs et la v\u00e9g\u00e9tation chaude. vous entendez le calme, juste troubl\u00e9 par le chant des oiseaux et le l\u00e9ger bruissement des feuilles.<\/p>\n\n\n\n<p>Vous posez vos valises et traverses le grand salon ouvert, spacieux et accueillant. Sous vos pieds, la fra\u00eecheur de la maison contraste agr\u00e9ablement avec la chaleur ext\u00e9rieure. Les volumes sont g\u00e9n\u00e9reux, pens\u00e9s pour respirer, vous d\u00e9tendre et partager.<\/p>\n\n\n\n<p>Vous d\u00e9couvrez la piscine priv\u00e9e. L\u2019eau scintille sous le soleil, pr\u00eate \u00e0 t\u2019accueillir \u00e0 tout moment de la journ\u00e9e. Vous imaginez d\u00e9j\u00e0 le plaisir d\u2019y plonger apr\u00e8s une journ\u00e9e d\u2019excursion, ou simplement de vous allongez sur la terrasse, un caf\u00e9 ou un ti Rhum \u00e0 la main, en \u00e9coutant le silence.<\/p>\n\n\n\n<p>Dans le jardin, vous pouvez cueillir des fruits selon la saison. vous voyez les arbres charg\u00e9s, vous en sentez le parfum, vous go\u00fbtez la fra\u00eecheur directement sur place. Un vrai luxe simple, naturel, authentique.<\/p>\n\n\n\n<p>La cuisine tr\u00e8s bien \u00e9quip\u00e9e devient vite un plaisir. Vous entendez le caf\u00e9 couler le matin, vous utilisez la machine \u00e0 caf\u00e9, l\u2019air fryer, la machine \u00e0 donuts, le blender pour des jus frais, le micro-ondes ou la cafeti\u00e8re italienne selon tes envies. Tout est l\u00e0 pour vous sentir comme chez vous, mais en mieux.<\/p>\n\n\n\n<p>Le soir, vous vous retirez dans l\u2019une des deux chambres confortables, chacune avec sa salle de bain. Vous touchez les draps frais, vous appr\u00e9ciez le calme total, la s\u00e9curit\u00e9 et l\u2019intimit\u00e9 d\u2019une villa enti\u00e8rement cl\u00f4tur\u00e9e.<\/p>\n\n\n\n<p>Le wifi fibre optique ultra rapide vous permet de travailler, regarder des films ou rester connect\u00e9 sans contrainte, m\u00eame depuis la terrasse ou le jardin.<\/p>\n\n\n\n<h3 class=\"wp-block-heading\">les avantages inclus<\/h3>\n\n\n\n<ul class=\"wp-block-list\">\n<li>villa priv\u00e9e de 150 m\u00b2<\/li>\n\n\n\n<li>piscine priv\u00e9e<\/li>\n\n\n\n<li>grand jardin tropical avec fruits \u00e0 volont\u00e9 selon les saisons<\/li>\n\n\n\n<li>2 chambres confortables<\/li>\n\n\n\n<li>2 salles de bain<\/li>\n\n\n\n<li>grand salon lumineux<\/li>\n\n\n\n<li>grande terrasse pour se d\u00e9tendre<\/li>\n\n\n\n<li>cuisine tr\u00e8s bien \u00e9quip\u00e9e<\/li>\n\n\n\n<li>wifi fibre optique 150\/80<\/li>\n\n\n\n<li>parking priv\u00e9<\/li>\n\n\n\n<li>villa cl\u00f4tur\u00e9e et s\u00e9curis\u00e9e<\/li>\n<\/ul>\n\n\n\n<p>Vous n\u2019avez plus qu\u2019\u00e0 vous projeter\u2026 et \u00e0 r\u00e9server votre moment de calme et de soleil.<br>Envoyez-nous un message pour plus d&rsquo;informations. <\/p>\n\n\n<div class=\"wp-block-image\">\n<figure class=\"aligncenter size-large\"><img loading=\"lazy\" decoding=\"async\" width=\"1024\" height=\"768\" src=\"https:\/\/www.villatiparadis.com\/wp-content\/uploads\/2025\/12\/IMG_1567-1024x768.jpeg\" alt=\"Villa ti Paradis Las Terrenas \" class=\"wp-image-1625\"\/><figcaption class=\"wp-element-caption\">Villa ti Paradis Las Terrenas <\/figcaption><\/figure>\n<\/div>\n\n\n<div class=\"wp-block-buttons is-content-justification-center is-layout-flex wp-container-core-buttons-is-layout-16018d1d wp-block-buttons-is-layout-flex\">\n<div class=\"wp-block-button is-style-fill\"><a class=\"wp-block-button__link has-black-color has-luminous-vivid-amber-background-color has-text-color has-background has-link-color wp-element-button\" href=\"https:\/\/checkout.lodgify.com\/fr\/villatiparadi\/738759\/reservation?currency=EUR&amp;adults=1\" target=\"_blank\" rel=\"noreferrer noopener\">R\u00e9servez directement<\/a><\/div>\n<\/div>\n\n\n\n<p><\/p>\n","protected":false},"excerpt":{"rendered":"<p>D\u00e9couvrez Villa Ti Paradis, une luxueuse villa aux Cara\u00efbes \u00e0 Las Terrenas. Vacances de r\u00eave en R\u00e9publique Dominicaine avec vue magique. R\u00e9servez maintenant.<\/p>\n","protected":false},"author":1,"featured_media":1624,"parent":0,"menu_order":0,"comment_status":"closed","ping_status":"closed","template":"","meta":{"_seopress_robots_primary_cat":"","_seopress_titles_title":"Villa tu paradis \u00e0 LAS TERRENAS","_seopress_titles_desc":"Emplacement de la villa sur carte","_seopress_robots_index":"","footnotes":""},"class_list":["post-1395","page","type-page","status-publish","has-post-thumbnail","hentry"],"_links":{"self":[{"href":"https:\/\/www.villatiparadis.com\/index.php\/wp-json\/wp\/v2\/pages\/1395","targetHints":{"allow":["GET"]}}],"collection":[{"href":"https:\/\/www.villatiparadis.com\/index.php\/wp-json\/wp\/v2\/pages"}],"about":[{"href":"https:\/\/www.villatiparadis.com\/index.php\/wp-json\/wp\/v2\/types\/page"}],"author":[{"embeddable":true,"href":"https:\/\/www.villatiparadis.com\/index.php\/wp-json\/wp\/v2\/users\/1"}],"replies":[{"embeddable":true,"href":"https:\/\/www.villatiparadis.com\/index.php\/wp-json\/wp\/v2\/comments?post=1395"}],"version-history":[{"count":34,"href":"https:\/\/www.villatiparadis.com\/index.php\/wp-json\/wp\/v2\/pages\/1395\/revisions"}],"predecessor-version":[{"id":1799,"href":"https:\/\/www.villatiparadis.com\/index.php\/wp-json\/wp\/v2\/pages\/1395\/revisions\/1799"}],"wp:featuredmedia":[{"embeddable":true,"href":"https:\/\/www.villatiparadis.com\/index.php\/wp-json\/wp\/v2\/media\/1624"}],"wp:attachment":[{"href":"https:\/\/www.villatiparadis.com\/index.php\/wp-json\/wp\/v2\/media?parent=1395"}],"curies":[{"name":"wp","href":"https:\/\/api.w.org\/{rel}","templated":true}]}}