{"id":1488,"date":"2025-11-28T10:49:29","date_gmt":"2025-11-28T14:49:29","guid":{"rendered":"https:\/\/www.villatiparadis.com\/?page_id=1488"},"modified":"2026-03-10T10:55:14","modified_gmt":"2026-03-10T14:55:14","slug":"resa","status":"publish","type":"page","link":"https:\/\/www.villatiparadis.com\/index.php\/resa\/","title":{"rendered":"Reservations"},"content":{"rendered":"\t\t<script\n\t\t\tsrc=\"https:\/\/app.lodgify.com\/portable-search-bar\/stable\/renderPortableSearchBar.js\"\n\t\t\tdefer\n\t\t><\/script>\n\n\t\t<style>\n\t\t\t:root {\n\t\t\t\t--ldg-psb-background: #ffffff;\n\t\t\t\t--ldg-psb-border-radius: 0.42em;\n\t\t\t\t--ldg-psb-box-shadow: 0px 24px 54px 0px rgba(0, 0, 0, 0.1);\n\t\t\t\t--ldg-psb-padding: 14px;\n\t\t\t\t--ldg-psb-input-background: #ffffff;\n\t\t\t\t--ldg-psb-button-border-radius: 3.58em;\n\t\t\t\t--ldg-psb-color-primary: #fac600;\n\t\t\t\t--ldg-psb-color-primary-lighter: #fde380;\n\t\t\t\t--ldg-psb-color-primary-darker: #7d6300;\n\t\t\t\t--ldg-psb-color-primary-contrast: #333333;\n\t\t\t\t--ldg-semantic-color-primary: #fac600;\n\t\t\t\t--ldg-semantic-color-primary-lighter: #fde380;\n\t\t\t\t--ldg-semantic-color-primary-darker: #7d6300;\n\t\t\t\t--ldg-semantic-color-primary-contrast: #333333;\n\t\t\t\t--ldg-component-modal-z-index: 999;\n\t\t\t}\n\n\t\t\t#lodgify-search-bar {\n\t\t\t\twidth: 100%;\n\t\t\t}\n\t\t<\/style>\n\n\t\t<div\n\t\t\tid=\"lodgify-search-bar\"\n\t\t\tdata-website-id=\"623138\"\n\t\t\tdata-language-code=\"fr\"\n\t\t\tdata-checkout-page-url=\"https:\/\/checkout.lodgify.com\/villatiparadi\/fr\/#\/738759\"\n\t\t\tdata-dates-check-in-label=\"Arriv\u00e9e\"\n\t\t\tdata-dates-check-out-label=\"D\u00e9part\"\n\t\t\tdata-guests-counter-label=\"Invit\u00e9s\"\n\t\t\tdata-guests-input-singular-label=\"{{NumberOfGuests}} invit\u00e9\"\n\t\t\tdata-guests-input-plural-label=\"{{NumberOfGuests}} invit\u00e9s\"\n\t\t\tdata-location-input-label=\"Emplacement\"\n\t\t\tdata-search-button-label=\"Rechercher\"\n\t\t\tdata-dates-input-min-stay-tooltip-text='{\"one\":\"Minimum {minStay} nuit\",\"other\":\"Minimum de {minStay} nuits\"}'\n\t\t\tdata-guests-breakdown-label=\"Invit\u00e9s\"\n\t\t\tdata-adults-label='{\"one\":\"adulte\",\"other\":\"adultes\"}'\n\t\t\tdata-adults-description=\"\u00c2ges {minAge} ou plus\"\n\t\t\tdata-children-label='{\"one\":\"enfant\",\"other\":\"enfants\"}'\n\t\t\tdata-children-description=\"\u00c2ges {minAge} - {maxAge}\"\n\t\t\tdata-children-not-allowed-label=\"Non adapt\u00e9 aux enfants\"\n\t\t\tdata-infants-label='{\"one\":\"b\u00e9b\u00e9\",\"other\":\"b\u00e9b\u00e9s\"}'\n\t\t\tdata-infants-description=\"Moins de {maxAge}\"\n\t\t\tdata-infants-not-allowed-label=\"Non adapt\u00e9 aux b\u00e9b\u00e9s\"\n\t\t\tdata-pets-label='{\"one\":\"animal de compagnie\",\"other\":\"animaux de compagnie\"}'\n\t\t\tdata-pets-not-allowed-label=\"Non autoris\u00e9\"\n\t\t\tdata-done-label=\"Termin\u00e9\"\n\t\t\tdata-new-tab=\"true\"\n\t\t\tdata-version=\"stable\"\n\t\t\tdata-has-guests-breakdown=\"true\"\n\t\t><\/div>\n\t\t\n","protected":false},"excerpt":{"rendered":"<p>R\u00e9servation Online de votre logement villa ti paradis<\/p>\n","protected":false},"author":1,"featured_media":1420,"parent":0,"menu_order":0,"comment_status":"closed","ping_status":"closed","template":"template-fullwidth.php","meta":{"_seopress_robots_primary_cat":"","_seopress_titles_title":"","_seopress_titles_desc":"","_seopress_robots_index":"","footnotes":""},"class_list":["post-1488","page","type-page","status-publish","has-post-thumbnail","hentry"],"_links":{"self":[{"href":"https:\/\/www.villatiparadis.com\/index.php\/wp-json\/wp\/v2\/pages\/1488","targetHints":{"allow":["GET"]}}],"collection":[{"href":"https:\/\/www.villatiparadis.com\/index.php\/wp-json\/wp\/v2\/pages"}],"about":[{"href":"https:\/\/www.villatiparadis.com\/index.php\/wp-json\/wp\/v2\/types\/page"}],"author":[{"embeddable":true,"href":"https:\/\/www.villatiparadis.com\/index.php\/wp-json\/wp\/v2\/users\/1"}],"replies":[{"embeddable":true,"href":"https:\/\/www.villatiparadis.com\/index.php\/wp-json\/wp\/v2\/comments?post=1488"}],"version-history":[{"count":18,"href":"https:\/\/www.villatiparadis.com\/index.php\/wp-json\/wp\/v2\/pages\/1488\/revisions"}],"predecessor-version":[{"id":2021,"href":"https:\/\/www.villatiparadis.com\/index.php\/wp-json\/wp\/v2\/pages\/1488\/revisions\/2021"}],"wp:featuredmedia":[{"embeddable":true,"href":"https:\/\/www.villatiparadis.com\/index.php\/wp-json\/wp\/v2\/media\/1420"}],"wp:attachment":[{"href":"https:\/\/www.villatiparadis.com\/index.php\/wp-json\/wp\/v2\/media?parent=1488"}],"curies":[{"name":"wp","href":"https:\/\/api.w.org\/{rel}","templated":true}]}}