{"id":1579,"date":"2025-12-03T09:18:18","date_gmt":"2025-12-03T13:18:18","guid":{"rendered":"https:\/\/www.villatiparadis.com\/?page_id=1579"},"modified":"2026-04-04T08:56:06","modified_gmt":"2026-04-04T12:56:06","slug":"notice-disponible","status":"publish","type":"page","link":"https:\/\/www.villatiparadis.com\/index.php\/notice-disponible\/","title":{"rendered":"Notice disponible"},"content":{"rendered":"\n<p><a href=\"https:\/\/www.villatiparadis.com\/Notice\/Blender-Eng-Esp.pdf\" target=\"_blank\" rel=\"noreferrer noopener\">Blender<\/a><\/p>\n\n\n\n<p><a href=\"https:\/\/villatiparadis.com\/Notice\/chaise-bebe.pdf\" target=\"_blank\" rel=\"noreferrer noopener\">Chaise b\u00e9b\u00e9<\/a><\/p>\n\n\n\n<p><a href=\"https:\/\/villatiparadis.com\/Notice\/BL1100.pdf\" target=\"_blank\" rel=\"noreferrer noopener\">Blender BL1100-fr<\/a><\/p>\n\n\n\n<p><a href=\"https:\/\/villatiparadis.com\/Notice\/Balance.pdf\" target=\"_blank\" rel=\"noreferrer noopener\">Balance cuisine<\/a><\/p>\n\n\n\n<p><a href=\"https:\/\/villatiparadis.com\/Notice\/Donut.pdf\" target=\"_blank\" rel=\"noreferrer noopener\">Machine \u00e0 donut<\/a><\/p>\n\n\n\n<p><a href=\"https:\/\/villatiparadis.com\/Notice\/KEEC038B.pdf\" target=\"_blank\" rel=\"noreferrer noopener\">Air fryer<\/a><\/p>\n\n\n\n<p><a href=\"https:\/\/villatiparadis.com\/Notice\/840194104.pdf\" target=\"_blank\" rel=\"noreferrer noopener\">Machine \u00e0 pain<\/a><\/p>\n\n\n\n<p><a href=\"https:\/\/villatiparadis.com\/Notice\/TSC-screen.pdf\" target=\"_blank\" rel=\"noreferrer noopener\">TV<\/a><\/p>\n\n\n\n<p><a href=\"https:\/\/villatiparadis.com\/Notice\/BBQgaz.pdf\" target=\"_blank\" rel=\"noreferrer noopener\">Barbecue Gaz (mod\u00e8le g\u00e9n\u00e9rique)<\/a><\/p>\n\n\n\n<h2 class=\"wp-block-heading\">Caf\u00e9 \u00e0 italienne \u00e0 la Villa ti&rsquo;Paradis<\/h2>\n\n\n\n<figure class=\"wp-block-gallery has-nested-images columns-default is-cropped wp-block-gallery-1 is-layout-flex wp-block-gallery-is-layout-flex\">\n<figure class=\"wp-block-image size-large\"><img loading=\"lazy\" decoding=\"async\" width=\"500\" height=\"500\" data-id=\"1592\" src=\"https:\/\/www.villatiparadis.com\/wp-content\/uploads\/2025\/12\/caffe1.jpg\" alt=\"caffe\" class=\"wp-image-1592\" srcset=\"https:\/\/www.villatiparadis.com\/wp-content\/uploads\/2025\/12\/caffe1.jpg 500w, https:\/\/www.villatiparadis.com\/wp-content\/uploads\/2025\/12\/caffe1-300x300.jpg 300w, https:\/\/www.villatiparadis.com\/wp-content\/uploads\/2025\/12\/caffe1-150x150.jpg 150w\" sizes=\"auto, (max-width: 500px) 100vw, 500px\" \/><figcaption class=\"wp-element-caption\">caffe<\/figcaption><\/figure>\n\n\n\n<figure class=\"wp-block-image size-large\"><img loading=\"lazy\" decoding=\"async\" width=\"500\" height=\"500\" data-id=\"1594\" src=\"https:\/\/www.villatiparadis.com\/wp-content\/uploads\/2025\/12\/caffe2.jpg\" alt=\"caffe\" class=\"wp-image-1594\" srcset=\"https:\/\/www.villatiparadis.com\/wp-content\/uploads\/2025\/12\/caffe2.jpg 500w, https:\/\/www.villatiparadis.com\/wp-content\/uploads\/2025\/12\/caffe2-300x300.jpg 300w, https:\/\/www.villatiparadis.com\/wp-content\/uploads\/2025\/12\/caffe2-150x150.jpg 150w\" sizes=\"auto, (max-width: 500px) 100vw, 500px\" \/><\/figure>\n\n\n\n<figure class=\"wp-block-image size-large\"><img loading=\"lazy\" decoding=\"async\" width=\"500\" height=\"500\" data-id=\"1595\" src=\"https:\/\/www.villatiparadis.com\/wp-content\/uploads\/2025\/12\/caffe3.jpg\" alt=\"caffe\" class=\"wp-image-1595\" srcset=\"https:\/\/www.villatiparadis.com\/wp-content\/uploads\/2025\/12\/caffe3.jpg 500w, https:\/\/www.villatiparadis.com\/wp-content\/uploads\/2025\/12\/caffe3-300x300.jpg 300w, https:\/\/www.villatiparadis.com\/wp-content\/uploads\/2025\/12\/caffe3-150x150.jpg 150w\" sizes=\"auto, (max-width: 500px) 100vw, 500px\" \/><figcaption class=\"wp-element-caption\">caffe<\/figcaption><\/figure>\n\n\n\n<figure class=\"wp-block-image size-large\"><img loading=\"lazy\" decoding=\"async\" width=\"500\" height=\"500\" data-id=\"1596\" src=\"https:\/\/www.villatiparadis.com\/wp-content\/uploads\/2025\/12\/caffe4.jpg\" alt=\"caffe\" class=\"wp-image-1596\" srcset=\"https:\/\/www.villatiparadis.com\/wp-content\/uploads\/2025\/12\/caffe4.jpg 500w, https:\/\/www.villatiparadis.com\/wp-content\/uploads\/2025\/12\/caffe4-300x300.jpg 300w, https:\/\/www.villatiparadis.com\/wp-content\/uploads\/2025\/12\/caffe4-150x150.jpg 150w\" sizes=\"auto, (max-width: 500px) 100vw, 500px\" \/><figcaption class=\"wp-element-caption\">caffe<\/figcaption><\/figure>\n\n\n\n<figure class=\"wp-block-image size-large\"><img loading=\"lazy\" decoding=\"async\" width=\"110\" height=\"110\" data-id=\"1593\" src=\"https:\/\/www.villatiparadis.com\/wp-content\/uploads\/2025\/12\/caffe.jpg\" alt=\"caffe\" class=\"wp-image-1593\"\/><figcaption class=\"wp-element-caption\">caffe<\/figcaption><\/figure>\n<\/figure>\n","protected":false},"excerpt":{"rendered":"<p>Les notices de certains appareils dans la maison.<\/p>\n","protected":false},"author":1,"featured_media":0,"parent":0,"menu_order":0,"comment_status":"closed","ping_status":"closed","template":"","meta":{"_seopress_robots_primary_cat":"","_seopress_titles_title":"","_seopress_titles_desc":"","_seopress_robots_index":"","footnotes":""},"class_list":["post-1579","page","type-page","status-publish","hentry"],"_links":{"self":[{"href":"https:\/\/www.villatiparadis.com\/index.php\/wp-json\/wp\/v2\/pages\/1579","targetHints":{"allow":["GET"]}}],"collection":[{"href":"https:\/\/www.villatiparadis.com\/index.php\/wp-json\/wp\/v2\/pages"}],"about":[{"href":"https:\/\/www.villatiparadis.com\/index.php\/wp-json\/wp\/v2\/types\/page"}],"author":[{"embeddable":true,"href":"https:\/\/www.villatiparadis.com\/index.php\/wp-json\/wp\/v2\/users\/1"}],"replies":[{"embeddable":true,"href":"https:\/\/www.villatiparadis.com\/index.php\/wp-json\/wp\/v2\/comments?post=1579"}],"version-history":[{"count":11,"href":"https:\/\/www.villatiparadis.com\/index.php\/wp-json\/wp\/v2\/pages\/1579\/revisions"}],"predecessor-version":[{"id":2081,"href":"https:\/\/www.villatiparadis.com\/index.php\/wp-json\/wp\/v2\/pages\/1579\/revisions\/2081"}],"wp:attachment":[{"href":"https:\/\/www.villatiparadis.com\/index.php\/wp-json\/wp\/v2\/media?parent=1579"}],"curies":[{"name":"wp","href":"https:\/\/api.w.org\/{rel}","templated":true}]}}