{"id":1849,"date":"2026-02-05T12:31:38","date_gmt":"2026-02-05T16:31:38","guid":{"rendered":"https:\/\/www.villatiparadis.com\/?page_id=1849"},"modified":"2026-03-23T18:34:28","modified_gmt":"2026-03-23T22:34:28","slug":"vip-customer-access","status":"publish","type":"page","link":"https:\/\/www.villatiparadis.com\/index.php\/vip-customer-access\/","title":{"rendered":"VIP customer access"},"content":{"rendered":"\n<p class=\"has-text-align-center\"><\/p>\n\n\n<div data-gyg-href=\"https:\/\/widget.getyourguide.com\/default\/city.frame\" data-gyg-location-id=\"32306\" data-gyg-locale-code=\"en-US\" data-gyg-widget=\"city\" data-gyg-partner-id=\"RJC79EN\"><\/div>\n\n\n<ul class=\"wp-block-list\">\n<li><a href=\"#infos\">Contact et infos<\/a><\/li>\n\n\n\n<li><a href=\"#wifi\">wifi<\/a><\/li>\n\n\n\n<li><a href=\"#tel\">Num\u00e9ros t\u00e9l\u00e9phones<\/a><\/li>\n\n\n\n<li><a href=\"#poub\">Ordures m\u00e9nag\u00e8res<\/a><\/li>\n\n\n\n<li><a href=\"#promocode\">Code promo<\/a><\/li>\n\n\n\n<li id=\"form\"><a href=\"#formulaire\">Contact et promo<\/a><\/li>\n\n\n\n<li><a href=\"#ravitaillement\">Ravitaillement, banque, h\u00f4pitaux, restaurant, boulangerie&#8230;<\/a><\/li>\n\n\n\n<li><a href=\"#glaces\">Glace artisanale<\/a><\/li>\n\n\n\n<li><a href=\"#localisation\">Localisation<\/a><\/li>\n\n\n\n<li><a href=\"#chef\">Chef \u00e0 domicile<\/a><\/li>\n<\/ul>\n\n\n\n<hr class=\"wp-block-separator has-alpha-channel-opacity\"\/>\n\n\n\n<div class=\"wp-block-group is-layout-grid wp-container-core-group-is-layout-6be84c55 wp-block-group-is-layout-grid\">\n<div class=\"wp-block-buttons has-custom-font-size has-medium-font-size is-content-justification-center is-layout-flex wp-container-core-buttons-is-layout-16018d1d wp-block-buttons-is-layout-flex\">\n<div class=\"wp-block-button\"><a class=\"wp-block-button__link has-black-color has-luminous-vivid-amber-background-color has-text-color has-background has-link-color has-text-align-center wp-element-button\" href=\"https:\/\/www.getyourguide.fr?partner_id=RJC79EN&amp;cmp=share_to_earn\" target=\"_blank\" rel=\"noreferrer noopener\"><strong>Activit\u00e9s touristiques<\/strong><\/a><\/div>\n<\/div>\n\n\n\n<div class=\"wp-block-buttons has-custom-font-size has-medium-font-size is-content-justification-center is-layout-flex wp-container-core-buttons-is-layout-16018d1d wp-block-buttons-is-layout-flex\">\n<div class=\"wp-block-button\"><a class=\"wp-block-button__link has-black-color has-luminous-vivid-amber-background-color has-text-color has-background has-link-color has-text-align-center wp-element-button\" href=\"https:\/\/www.villatiparadis.com\/index.php\/notice-disponible\/\" target=\"_blank\" rel=\"noreferrer noopener\"><strong>Notices technique <\/strong><\/a><\/div>\n<\/div>\n\n\n\n<div class=\"wp-block-buttons has-custom-font-size has-medium-font-size is-content-justification-center is-layout-flex wp-container-core-buttons-is-layout-16018d1d wp-block-buttons-is-layout-flex\">\n<div class=\"wp-block-button\"><a class=\"wp-block-button__link has-black-color has-luminous-vivid-amber-background-color has-text-color has-background has-link-color wp-element-button\" href=\"https:\/\/eticket.migracion.gob.do\/\" target=\"_blank\" rel=\"noreferrer noopener\"><strong>E-ticker (retour)<\/strong><\/a><\/div>\n<\/div>\n<\/div>\n\n\n\n<hr class=\"wp-block-separator has-alpha-channel-opacity is-style-dots\" id=\"infos\"\/>\n\n\n\n<p class=\"has-text-align-left has-small-font-size\">\ud83c\udf34 Bienvenue \u00e0 Ti Paradis !<br>Nous sommes ravis de vous accueillir !<br>Vous trouverez ci-dessous les informations essentielles pour votre arriv\u00e9e et votre s\u00e9jour :<\/p>\n\n\n\n<p class=\"has-text-align-left has-small-font-size\"><br>\ud83d\udccd Localisation exacte : <a href=\"https:\/\/maps.app.goo.gl\/WW5ZbMVQRjMt9Kph7?g_st=ipc\" target=\"_blank\" rel=\"noreferrer noopener\">https:\/\/maps.app.goo.gl\/WW5ZbMVQRjMt9Kph7?g_st=ipc <\/a><br>\ud83d\udd52 Check-in : L\u2019entr\u00e9e est possible \u00e0 partir de 15 h.<br>Merci de nous pr\u00e9venir 10 \u00e0 15 minutes avant votre arriv\u00e9e, afin que nous puissions vous accueillir personnellement.<br>\ud83d\udecf\ufe0f Check-out : Le d\u00e9part doit s\u2019effectuer au plus tard \u00e0 11 h.<br> Internet : <\/p>\n\n\n\n<p class=\"has-text-align-left has-small-font-size\" id=\"wifi\"><br>R\u00e9seau : TELENORD_2.4G_jSkxGT<br>Mot de passe : yfRdQRJQ<br>\u26a1 \u00c9lectricit\u00e9 : Veuillez noter que l\u2019\u00e9lectricit\u00e9 n\u2019est pas incluse dans le tarif de l\u2019h\u00e9bergement. La consommation est factur\u00e9e s\u00e9par\u00e9ment.<\/p>\n\n\n\n<p class=\"has-text-align-left has-small-font-size\" id=\"trm\"><br>\ud83d\udcde Num\u00e9ros de contact \/ urgence sur place :<br>+1 (829) 968-2886<br>+1 (809) 313-6109<br>+1 (829) 390-3896<br>Owners: +32492999675 (whatsapp)<br><a href=\"#formulaire\">Si vous avez des questions ou besoin d\u2019assistance, n\u2019h\u00e9sitez pas \u00e0 nous \u00e9crire.<\/a><\/p>\n\n\n\n<p class=\"has-text-align-left has-small-font-size\" id=\"poub\"><br>Les d\u00e9chets m\u00e9nag\u00e9 peuvent \u00eatre mis dans le bac vert et sorti \u00e0 la rue (mettre contre le mur), la municipalit\u00e9 vient en th\u00e9orie tous les jours faire la collecte.<br><br>Nous vous souhaitons un excellent voyage et un s\u00e9jour inoubliable \u00e0 Ti Paradis !<br>Cordialement,L\u2019\u00e9quipe de RD Vacances VIP<br>Plaza Centro Colonial: <a href=\"https:\/\/maps.app.goo.gl\/WrZDSaNEhKNeN1CQ9\">https:\/\/maps.app.goo.gl\/WrZDSaNEhKNeN1CQ9<\/a> <br>Sur la rue principal.<\/p>\n\n\n\n<hr class=\"wp-block-separator has-text-color has-black-color has-alpha-channel-opacity has-black-background-color has-background is-style-dots\" id=\"promocode\"\/>\n\n\n\n<h2 class=\"wp-block-heading has-text-align-center\" id=\"formulaire\"><strong>Vous aimez la villa, vous projetez de revenir?<br>Recevez un code promo pour une r\u00e9servation en direct.<br>Conditions:<br>Minimum 4 nuits, r\u00e9servation min 60 jours \u00e0 l&rsquo;avance<\/strong><\/h2>\n\n\n\n<hr class=\"wp-block-separator has-text-color has-black-color has-alpha-channel-opacity has-black-background-color has-background is-style-dots\" id=\"formulaire\"\/>\n\n\n\n<h2 class=\"wp-block-heading has-text-align-center\"><a href=\"mailto: dream@villatiparadis.com\" data-type=\"link\" data-id=\"dream@villatiparadis.com\">Envoyez nous un mail avec vos coordonn\u00e9es en<\/a><\/h2>\n\n\n\n<div class=\"wp-block-buttons is-content-justification-center is-layout-flex wp-container-core-buttons-is-layout-16018d1d wp-block-buttons-is-layout-flex\">\n<div class=\"wp-block-button\"><a class=\"wp-block-button__link has-black-color has-luminous-vivid-amber-background-color has-text-color has-background has-link-color has-medium-font-size has-text-align-center has-custom-font-size wp-element-button\"><strong>cliquant ici<\/strong><\/a><\/div>\n<\/div>\n\n\n\n<p class=\"has-text-align-center\">xxxxxxxxxxxxxxxxxxxxxxxxxxxxxxxxxxxxxxxxxxxxxxxxxxx<\/p>\n\n\n\n<p id=\"ravitaillement\"><strong>Le ravitaillement, restaurants et autres commerces utiles:<\/strong><\/p>\n\n\n\n<p>Le ravitaillement \u00e0 Las Terrenas peut sr faire dans toute la ville, bon nombre de petits magasins vont vous proposer des produits locaux et au prix locaux.<\/p>\n\n\n\n<p>Pour de grande surface, vous trouverez une petite liste ci dessous:<\/p>\n\n\n\n<ol class=\"wp-block-list\">\n<li><strong><em>Banque (ATM): <\/em><\/strong><br>Banco Popular &#8211; Autobanco (plus proche) : <a href=\"https:\/\/maps.app.goo.gl\/PkKQGpTrCWUbRYgSA\">https:\/\/maps.app.goo.gl\/PkKQGpTrCWUbRYgSA<\/a> <br>BHD: <a href=\"https:\/\/maps.app.goo.gl\/fmaM7CaMFCNwLEMbA\">https:\/\/maps.app.goo.gl\/fmaM7CaMFCNwLEMbA <\/a> <\/li>\n\n\n\n<li><strong><em>Supermarch\u00e9s<\/em><\/strong>:<br>Super Mercado Lindo petit centre commerciale avec une grande surface avec des produits europ\u00e9en, niveau prix, un peu \u00e9lev\u00e9, mais avec des produits de l\u2019Europe.<br>Adresse: Plaza Rosada<br><a href=\"https:\/\/maps.app.goo.gl\/MTdpbpWzX1dLRtCw8\">https:\/\/maps.app.goo.gl\/MTdpbpWzX1dLRtCw8<\/a> <br><br>Sirena Market Grande surface avec tous les produits locaux et autres. niveau prix, local (bon march\u00e9 par rapport \u00e0 l\u2019Europe ou US ou Canada).<br>Adresse : C Duarte<br><a href=\"https:\/\/maps.app.goo.gl\/fmaM7CaMFCNwLEMbA\">https:\/\/maps.app.goo.gl\/fmaM7CaMFCNwLEMbA<\/a> <\/li>\n\n\n\n<li><strong><em>Boulangerie<\/em><\/strong>:<br>Boulangerie Fran\u00e7aise : <a href=\"https:\/\/maps.app.goo.gl\/HHDsYzYdjxPSmJH28\">https:\/\/maps.app.goo.gl\/HHDsYzYdjxPSmJH28<\/a><br>El Pan De Antes: <a href=\"https:\/\/maps.app.goo.gl\/X3qFBUhwX8vNV3cj8\">https:\/\/maps.app.goo.gl\/X3qFBUhwX8vNV3cj8<\/a><br>Boulangerie Jean : <a href=\"https:\/\/maps.app.goo.gl\/j5zF4MjxxQQLFnEe9\">https:\/\/maps.app.goo.gl\/j5zF4MjxxQQLFnEe9<\/a><\/li>\n\n\n\n<li><strong><em>Restaurants<\/em><\/strong>:<br>Plein de petit restaurants sur le bord de plage: (cash uniquement) <a href=\"https:\/\/maps.app.goo.gl\/2m5oCv9HJq7wkEoh9\">https:\/\/maps.app.goo.gl\/2m5oCv9HJq7wkEoh9<\/a><br>Et Beaucoup d&rsquo;autres endroits dans la ville.<\/li>\n\n\n\n<li><strong><em>Pharmacie<\/em><\/strong>: <br>Le plus proche: <a href=\"https:\/\/maps.app.goo.gl\/EVc9goMLDy2cPVzG8\">https:\/\/maps.app.goo.gl\/EVc9goMLDy2cPVzG8<\/a><br>Au m\u00eame endroit que Sirena: <a href=\"https:\/\/maps.app.goo.gl\/fmaM7CaMFCNwLEMbA\">https:\/\/maps.app.goo.gl\/fmaM7CaMFCNwLEMbA <\/a> <\/li>\n\n\n\n<li><strong><em>Hopital<\/em><\/strong>: <br>Cl\u00ednica Galeno \/ Centro Galeno Integral \u00ab\u00a0Las Terrenas\u00a0\u00bb \/ Emergencias 24 Hrs \/ Doctores Especialistas \/ Laboratorio: <a href=\"https:\/\/maps.app.goo.gl\/eQRP9oxNeJ8zM5V28\">https:\/\/maps.app.goo.gl\/eQRP9oxNeJ8zM5V28<\/a><br>HOSPITAL MUNICIPAL \u201cLAS TERRENAS\u201d : <a href=\"https:\/\/maps.app.goo.gl\/oZiGjCfYFgNW58keA\">https:\/\/maps.app.goo.gl\/oZiGjCfYFgNW58keA<\/a><br>Hospital Municipal Lic. Pablo A. Paulino : <a href=\"https:\/\/maps.app.goo.gl\/ame5Uhyo6VZdVXSY7\">https:\/\/maps.app.goo.gl\/ame5Uhyo6VZdVXSY7<\/a><br>Clinica Especializada Internacional Las Terrenas : <a href=\"https:\/\/maps.app.goo.gl\/VGAzyjw3XJZTeqnf7\">https:\/\/maps.app.goo.gl\/VGAzyjw3XJZTeqnf7<\/a><\/li>\n\n\n\n<li><strong><em>Gelateria <\/em><\/strong>Italiana Artesanal NOI (Le voisin de la villa): <a href=\"https:\/\/maps.app.goo.gl\/Lqei6qaoMjhupmHm9\">https:\/\/maps.app.goo.gl\/Lqei6qaoMjhupmHm9<\/a><br><\/li>\n<\/ol>\n\n\n\n<p id=\"glaces\"><strong><em>Glace Artisanale:<\/em><\/strong><\/p>\n\n\n\n<p><a href=\"https:\/\/www.instagram.com\/gelateriaitaliana_artesanal?igsh=MXd2MjJmYzZnZTh6ZA==\" target=\"_blank\" rel=\"noreferrer noopener\">https:\/\/www.instagram.com\/gelateriaitaliana_artesanal?igsh=MXd2MjJmYzZnZTh6ZA==<\/a><\/p>\n\n\n<div class=\"wp-block-image\">\n<figure class=\"aligncenter size-full\"><img alt=\"\" loading=\"lazy\" decoding=\"async\" width=\"1024\" height=\"577\" src=\"https:\/\/www.villatiparadis.com\/wp-content\/uploads\/2026\/02\/glace.jpeg\" alt=\"\" class=\"wp-image-1934\" srcset=\"https:\/\/www.villatiparadis.com\/wp-content\/uploads\/2026\/02\/glace.jpeg 1024w, https:\/\/www.villatiparadis.com\/wp-content\/uploads\/2026\/02\/glace-300x169.jpeg 300w, https:\/\/www.villatiparadis.com\/wp-content\/uploads\/2026\/02\/glace-768x433.jpeg 768w\" sizes=\"auto, (max-width: 1024px) 100vw, 1024px\" \/><\/figure>\n<\/div>\n\n<div data-gyg-href=\"https:\/\/widget.getyourguide.com\/default\/city.frame\" data-gyg-location-id=\"32306\" data-gyg-locale-code=\"en-US\" data-gyg-widget=\"city\" data-gyg-partner-id=\"RJC79EN\"><\/div>\n\n\n<h2 class=\"wp-block-heading\" id=\"localisation\">Localisation de la villa:<\/h2>\n\n\n\n<p><a href=\"https:\/\/maps.app.goo.gl\/QQ4qdMH5Npt4NfqW8\">https:\/\/maps.app.goo.gl\/QQ4qdMH5Npt4NfqW8<\/a><\/p>\n\n\n\n<h2 class=\"wp-block-heading\" id=\"chef\">Chef \u00e0 domicile<\/h2>\n\n\n\n<p>Chef Salomon vous propose se venir \u00e0 la villa vous pr\u00e9parer des plats d&rsquo;une qualit\u00e9 extra.<\/p>\n\n\n\n<p><a href=\"https:\/\/www.instagram.com\/chef.salomon_las_terrenas_priv?igsh=MTdxcWgweHdhc293MQ==\" target=\"_blank\" rel=\"noreferrer noopener\">Cliquez ici<\/a><\/p>\n\n\n\n<figure class=\"wp-block-table\"><table class=\"has-fixed-layout\"><tbody><tr><td class=\"has-text-align-center\" data-align=\"center\">Menu chef Salomon<br>\ud83e\udd57 Entr\u00e9es<br>Tartare de poisson frais<br>Ceviche de dorade<br>Crevettes \u00e0 l&rsquo;ail<br>Calamars frits<br>Pur\u00e9e de patates douces<br>Salade C\u00e9sar<br>Arepas de yucca<br>Guacamole maison<br>Salade de fruits de mer<br><br><br><\/td><td class=\"has-text-align-center\" data-align=\"center\">\ud83c\udf5b Plats principaux<br>Paella aux fruits de mer<br>Poisson vapeur (fa\u00e7on carib\u00e9enne)<br>Crevettes \u00e0 la noix de coco<br>Poulpe \u00e0 l&rsquo;ail<br>Assiette de langouste \/ langoustines<br>Assiette de grillades<br>Filet de dorade grill\u00e9 ou \u00e0 la cr\u00e9ole<br>Poisson grill\u00e9<br>Poulet grill\u00e9<br>Poisson frit traditionnel<br>Sancocho dominicain (rago\u00fbt)<br>Mofongo aux crevettes<\/td><\/tr><tr><td class=\"has-text-align-center\" data-align=\"center\">\ud83c\udf5a Accompagnements<br>Riz blanc<br>Riz moro guandule<br>Riz coco<br>Pois d&rsquo;Angole \u00e0 la noix de coco<br>Bananes plantains verte ou m\u00fbre fries<br>L\u00e9gumes grill\u00e9s<br>Salade verte<br>Salade russe<\/td><td class=\"has-text-align-center\" data-align=\"center\">\ud83c\udf5d P\u00e2tes<br>P\u00e2tes aux crevettes<br>P\u00e2tes \u00e0 la cr\u00e9ole<br>P\u00e2tes au poulet<br>P\u00e2tes bolognaises<br>\ud83c\udf49 Desserts<br>Salade de fruits frais<\/td><\/tr><\/tbody><\/table><\/figure>\n\n\n<div class=\"wp-block-image\">\n<figure class=\"aligncenter size-large\"><img alt=\"\" loading=\"lazy\" decoding=\"async\" width=\"576\" height=\"1024\" src=\"https:\/\/www.villatiparadis.com\/wp-content\/uploads\/2026\/03\/plat-576x1024.jpeg\" alt=\"\" class=\"wp-image-2026\"\/><\/figure>\n<\/div>","protected":false},"excerpt":{"rendered":"<p>\ud83c\udf34 Bienvenue \u00e0 Ti Paradis !Nous sommes ravis de vous accueillir !Vous trouverez ci-dessous les informations essentielles pour votre arriv\u00e9e et votre s\u00e9jour : \ud83d\udccd Localisation exacte : https:\/\/maps.app.goo.gl\/WW5ZbMVQRjMt9Kph7?g_st=ipc \ud83d\udd52 &#8230;<\/p>\n","protected":false},"author":1,"featured_media":1877,"parent":0,"menu_order":0,"comment_status":"closed","ping_status":"closed","template":"template-fullwidth.php","meta":{"_seopress_robots_primary_cat":"","_seopress_titles_title":"","_seopress_titles_desc":"","_seopress_robots_index":"","footnotes":""},"class_list":["post-1849","page","type-page","status-publish","has-post-thumbnail","hentry"],"_links":{"self":[{"href":"https:\/\/www.villatiparadis.com\/index.php\/wp-json\/wp\/v2\/pages\/1849","targetHints":{"allow":["GET"]}}],"collection":[{"href":"https:\/\/www.villatiparadis.com\/index.php\/wp-json\/wp\/v2\/pages"}],"about":[{"href":"https:\/\/www.villatiparadis.com\/index.php\/wp-json\/wp\/v2\/types\/page"}],"author":[{"embeddable":true,"href":"https:\/\/www.villatiparadis.com\/index.php\/wp-json\/wp\/v2\/users\/1"}],"replies":[{"embeddable":true,"href":"https:\/\/www.villatiparadis.com\/index.php\/wp-json\/wp\/v2\/comments?post=1849"}],"version-history":[{"count":84,"href":"https:\/\/www.villatiparadis.com\/index.php\/wp-json\/wp\/v2\/pages\/1849\/revisions"}],"predecessor-version":[{"id":2040,"href":"https:\/\/www.villatiparadis.com\/index.php\/wp-json\/wp\/v2\/pages\/1849\/revisions\/2040"}],"wp:featuredmedia":[{"embeddable":true,"href":"https:\/\/www.villatiparadis.com\/index.php\/wp-json\/wp\/v2\/media\/1877"}],"wp:attachment":[{"href":"https:\/\/www.villatiparadis.com\/index.php\/wp-json\/wp\/v2\/media?parent=1849"}],"curies":[{"name":"wp","href":"https:\/\/api.w.org\/{rel}","templated":true}]}}